{"id":596,"date":"2025-09-09T17:45:20","date_gmt":"2025-09-09T17:45:20","guid":{"rendered":"https:\/\/avtomag.kreativnisplet.si\/?page_id=596"},"modified":"2025-10-08T06:39:42","modified_gmt":"2025-10-08T06:39:42","slug":"forthing","status":"publish","type":"page","link":"https:\/\/avtomag.si\/index.php\/forthing\/","title":{"rendered":"Forthing &#8211; Sodobna kombinacija tehnologije in zanesljivosti"},"content":{"rendered":"\n<div class=\"wp-block-cover aligncenter\" style=\"margin-top:0;margin-bottom:0;padding-top:var(--wp--preset--spacing--superbspacing-xxlarge);padding-right:var(--wp--preset--spacing--superbspacing-xsmall);padding-bottom:var(--wp--preset--spacing--superbspacing-xxlarge);padding-left:var(--wp--preset--spacing--superbspacing-xsmall);min-height:600px;aspect-ratio:unset;\"><img loading=\"lazy\" decoding=\"async\" width=\"2560\" height=\"1707\" class=\"wp-block-cover__image-background wp-image-859 size-full\" alt=\"\" src=\"https:\/\/avtomag.kreativnisplet.si\/wp-content\/uploads\/2025\/09\/forthing_1-6-scaled.jpg\" data-object-fit=\"cover\" srcset=\"https:\/\/avtomag.si\/wp-content\/uploads\/2025\/09\/forthing_1-6-scaled.jpg 2560w, https:\/\/avtomag.si\/wp-content\/uploads\/2025\/09\/forthing_1-6-300x200.jpg 300w, https:\/\/avtomag.si\/wp-content\/uploads\/2025\/09\/forthing_1-6-1024x683.jpg 1024w, https:\/\/avtomag.si\/wp-content\/uploads\/2025\/09\/forthing_1-6-768x512.jpg 768w, https:\/\/avtomag.si\/wp-content\/uploads\/2025\/09\/forthing_1-6-1536x1024.jpg 1536w, https:\/\/avtomag.si\/wp-content\/uploads\/2025\/09\/forthing_1-6-2048x1365.jpg 2048w\" sizes=\"auto, (max-width: 2560px) 100vw, 2560px\" \/><span aria-hidden=\"true\" class=\"wp-block-cover__background has-black-background-color has-background-dim-20 has-background-dim\"><\/span><div class=\"wp-block-cover__inner-container has-global-padding is-layout-constrained wp-container-core-cover-is-layout-61486274 wp-block-cover-is-layout-constrained\">\n<div class=\"wp-block-group alignwide has-global-padding is-layout-constrained wp-container-core-group-is-layout-0946a188 wp-block-group-is-layout-constrained\" style=\"margin-top:0;margin-bottom:0;padding-top:0;padding-right:var(--wp--preset--spacing--superbspacing-medium);padding-bottom:0;padding-left:var(--wp--preset--spacing--superbspacing-medium)\">\n<h1 class=\"wp-block-heading alignwide has-text-align-center has-white-color has-text-color has-superbfont-xxlarge-font-size\" style=\"padding-right:var(--wp--preset--spacing--superbspacing-small);padding-bottom:0;padding-left:var(--wp--preset--spacing--superbspacing-small);font-style:normal;font-weight:700\">Forthing<\/h1>\n\n\n\n<div class=\"wp-block-buttons wp-container-content-9cfa9a5a is-content-justification-center is-layout-flex wp-container-core-buttons-is-layout-9b2276be wp-block-buttons-is-layout-flex\">\n<div class=\"wp-block-button\"><a class=\"wp-block-button__link wp-element-button\" href=\"https:\/\/avtomag.si\/index.php\/prodaja-novih-vozil\/najem-vozila#testna-voznja-form\">TESTNA VO\u017dNJA<\/a><\/div>\n<\/div>\n<\/div>\n<\/div><\/div>\n\n\n\n<div class=\"wp-block-group alignfull column-parent-border-radius has-global-padding is-layout-constrained wp-container-core-group-is-layout-2551a0b3 wp-block-group-is-layout-constrained\" style=\"margin-top:0;margin-bottom:0;padding-top:var(--wp--preset--spacing--superbspacing-large);padding-right:var(--wp--preset--spacing--superbspacing-small);padding-bottom:var(--wp--preset--spacing--superbspacing-large);padding-left:var(--wp--preset--spacing--superbspacing-small)\">\n<div class=\"wp-block-group alignwide has-global-padding is-layout-constrained wp-container-core-group-is-layout-58b2f4d9 wp-block-group-is-layout-constrained\">\n<h2 class=\"wp-block-heading has-text-align-center has-contrast-color has-text-color has-superbfont-xlarge-font-size\">Zakaj Forthing?<\/h2>\n\n\n\n<p class=\"has-text-align-center has-mono-2-color has-text-color has-superbfont-small-font-size\" style=\"padding-right:var(--wp--preset--spacing--superbspacing-medium);padding-left:var(--wp--preset--spacing--superbspacing-medium)\">Forthing predstavlja sodobno kombinacijo napredne tehnologije, privla\u010dnega oblikovanja in zanesljivosti. Kot del skupine Dongfeng ponuja vozila, ki zdru\u017eujejo eleganco, udobje in zmogljivost ter so ustvarjena za voznike, ki i\u0161\u010dejo nekaj ve\u010d.<\/p>\n<\/div>\n\n\n\n<div class=\"wp-block-columns is-layout-flex wp-container-core-columns-is-layout-28f84493 wp-block-columns-is-layout-flex\">\n<div class=\"wp-block-column has-primary-background-color has-background is-layout-flow wp-block-column-is-layout-flow\" style=\"padding-top:var(--wp--preset--spacing--superbspacing-small);padding-right:var(--wp--preset--spacing--superbspacing-small);padding-bottom:var(--wp--preset--spacing--superbspacing-small);padding-left:var(--wp--preset--spacing--superbspacing-small)\">\n<h3 class=\"wp-block-heading has-contrast-light-color has-text-color has-link-color has-superbfont-medium-font-size wp-elements-4bc24da0e58b9fc7eb2d6f4f8d4e2b50\" style=\"margin-top:0;margin-bottom:0\"><strong><strong>Vrhunski dizajn med SUV vozili<\/strong><\/strong><\/h3>\n\n\n\n<p class=\"has-mono-4-color has-text-color has-superbfont-small-font-size\" style=\"margin-top:var(--wp--preset--spacing--superbspacing-xxsmall);margin-bottom:0\">Njegove elegantne in dinami\u010dne linije dopolnjuje bogata izbira unikatnih barvnih kombinacij, ki vozniku pri\u010darajo ob\u010dutek razko\u0161ja. Za prepoznaven podpis je zaslu\u017een dizajner Hans Henning Knopfle, ki je sodeloval tudi pri zasnovi vozil Mercedes-Benz, Volvo in \u0161tevilnih drugih znamk.<\/p>\n<\/div>\n\n\n\n<div class=\"wp-block-column has-primary-background-color has-background is-layout-flow wp-block-column-is-layout-flow\" style=\"padding-top:var(--wp--preset--spacing--superbspacing-small);padding-right:var(--wp--preset--spacing--superbspacing-small);padding-bottom:var(--wp--preset--spacing--superbspacing-small);padding-left:var(--wp--preset--spacing--superbspacing-small)\">\n<h3 class=\"wp-block-heading has-contrast-light-color has-text-color has-link-color has-superbfont-medium-font-size wp-elements-4bdf73472e0448c1e6a1b119ce1aeb78\" style=\"margin-top:0;margin-bottom:0\"><strong><strong>U\u010dinkovitost z visoko zmogljivostjo<\/strong><\/strong><\/h3>\n\n\n\n<p class=\"has-mono-4-color has-text-color has-superbfont-small-font-size\" style=\"margin-top:var(--wp--preset--spacing--superbspacing-xxsmall);margin-bottom:0\">Napredna pametna tehnologija omogo\u010da, da so Forthingova vozila hkrati mo\u010dna in ekonomi\u010dna. Pona\u0161ajo se z izvrstnimi pospe\u0161ki, a kljub temu zadr\u017eujejo nizko porabo goriva, kar zagotavlja vrhunsko ravnovesje med dinami\u010dno vo\u017enjo in energetsko u\u010dinkovitostjo.<\/p>\n<\/div>\n\n\n\n<div class=\"wp-block-column has-primary-background-color has-background is-layout-flow wp-block-column-is-layout-flow\" style=\"padding-top:var(--wp--preset--spacing--superbspacing-small);padding-right:var(--wp--preset--spacing--superbspacing-small);padding-bottom:var(--wp--preset--spacing--superbspacing-small);padding-left:var(--wp--preset--spacing--superbspacing-small)\">\n<h3 class=\"wp-block-heading has-contrast-light-color has-text-color has-link-color has-superbfont-medium-font-size wp-elements-94e9d1cd5704cff7f4f0d69dd88e7d48\" style=\"margin-top:0;margin-bottom:0\"><strong><strong>Strokovna podpora in zaupanje kupcev<\/strong><\/strong><\/h3>\n\n\n\n<p class=\"has-mono-4-color has-text-color has-superbfont-small-font-size\" style=\"margin-top:var(--wp--preset--spacing--superbspacing-xxsmall);margin-bottom:0\">\u017de ve\u010d kot desetletje smo prisotni na slovenskem trgu elektri\u010dnih vozil, kjer si stranke zanesljivo zagotavljajo na\u0161a vozila in storitve. Kupcem ponujamo ugodne mo\u017enosti financiranja in menjavo starega vozila za novo. Vsa vozila pa so v rokah izku\u0161enih in specializiranih mehanikov.<\/p>\n<\/div>\n<\/div>\n<\/div>\n\n\n\n<div class=\"wp-block-group alignfull is-layout-flow wp-block-group-is-layout-flow\">\n<div class=\"wp-block-group alignfull is-layout-flow wp-block-group-is-layout-flow\">\n<div class=\"wp-block-cover alignwide margin-y-none\" style=\"border-radius:0px;margin-top:0;margin-bottom:0;min-height:644px;aspect-ratio:unset;\"><img loading=\"lazy\" decoding=\"async\" width=\"1024\" height=\"683\" class=\"wp-block-cover__image-background wp-image-865 size-large\" alt=\"\" src=\"https:\/\/avtomag.kreativnisplet.si\/wp-content\/uploads\/2025\/09\/forthing_1-3-1024x683.jpg\" style=\"object-position:58% 83%\" data-object-fit=\"cover\" data-object-position=\"58% 83%\" srcset=\"https:\/\/avtomag.si\/wp-content\/uploads\/2025\/09\/forthing_1-3-1024x683.jpg 1024w, https:\/\/avtomag.si\/wp-content\/uploads\/2025\/09\/forthing_1-3-300x200.jpg 300w, https:\/\/avtomag.si\/wp-content\/uploads\/2025\/09\/forthing_1-3-768x512.jpg 768w, https:\/\/avtomag.si\/wp-content\/uploads\/2025\/09\/forthing_1-3-1536x1024.jpg 1536w, https:\/\/avtomag.si\/wp-content\/uploads\/2025\/09\/forthing_1-3-2048x1365.jpg 2048w\" sizes=\"auto, (max-width: 1024px) 100vw, 1024px\" \/><span aria-hidden=\"true\" class=\"wp-block-cover__background has-black-background-color has-background-dim\"><\/span><div class=\"wp-block-cover__inner-container is-layout-flow wp-block-cover-is-layout-flow\">\n<div class=\"wp-block-group alignwide has-superbfont-xxlarge-font-size is-vertical is-content-justification-center is-layout-flex wp-container-core-group-is-layout-801a1011 wp-block-group-is-layout-flex\" style=\"border-radius:20px;padding-top:var(--wp--preset--spacing--superbspacing-xxlarge);padding-right:var(--wp--preset--spacing--superbspacing-xxlarge);padding-bottom:var(--wp--preset--spacing--superbspacing-xxlarge);padding-left:var(--wp--preset--spacing--superbspacing-xxlarge)\">\n<div class=\"wp-block-group is-layout-flow wp-container-core-group-is-layout-3fbca637 wp-block-group-is-layout-flow\">\n<h1 class=\"wp-block-heading has-text-align-center has-contrast-light-color has-text-color has-superbfont-xlarge-font-size\"><strong>Zaupanje, pogum in odlo\u010dnost naprej<\/strong><\/h1>\n<\/div>\n\n\n\n<div class=\"wp-block-buttons wp-container-content-9cfa9a5a is-content-justification-center is-layout-flex wp-container-core-buttons-is-layout-9b2276be wp-block-buttons-is-layout-flex\">\n<div class=\"wp-block-button\"><a class=\"wp-block-button__link wp-element-button\" href=\"https:\/\/avtomag.si\/index.php\/prodaja-novih-vozil\/najem-vozila#testna-voznja-form\">TESTNA VO\u017dNJA<\/a><\/div>\n<\/div>\n<\/div>\n<\/div><\/div>\n<\/div>\n\n\n\n<div class=\"wp-block-group alignfull has-contrast-light-background-color has-background has-global-padding is-layout-constrained wp-container-core-group-is-layout-9f7133ea wp-block-group-is-layout-constrained\" style=\"margin-top:0;margin-bottom:0;padding-top:var(--wp--preset--spacing--superbspacing-large);padding-right:var(--wp--preset--spacing--superbspacing-small);padding-bottom:var(--wp--preset--spacing--superbspacing-xxlarge);padding-left:var(--wp--preset--spacing--superbspacing-small)\">\n<h2 class=\"wp-block-heading has-text-align-center has-superbfont-xlarge-font-size\" style=\"margin-top:0;margin-bottom:0;padding-top:0;padding-bottom:0\">Izberite si svojega<\/h2>\n\n\n\n<p class=\"has-text-align-center has-superbfont-small-font-size\">Od samega za\u010detka so vozila znamke <strong>Forthing (Fengxing)<\/strong> nosila emblem Dongfenga, tako kot ve\u010dina drugih znamk pod okriljem te skupine. Prelomnica je pri\u0161la <strong>novembra 2020<\/strong>, ko je bil predstavljen <strong>Forthing T5 EVO<\/strong>, hkrati pa je javnost prvi\u010d spoznala novi <strong>levji emblem<\/strong>, ki je simbol prenove znamke. Prav T5 EVO je bil prvi model, ki je ponosno nosil posodobljen znak.<\/p>\n\n\n\n<div class=\"wp-block-columns alignwide is-layout-flex wp-container-core-columns-is-layout-596307b8 wp-block-columns-is-layout-flex\">\n<div class=\"wp-block-column is-vertically-aligned-center is-layout-flow wp-container-core-column-is-layout-e38e6d2d wp-block-column-is-layout-flow\">\n<div class=\"wp-block-group custom-card-style has-border-color has-base-background-color has-background has-global-padding is-layout-constrained wp-container-core-group-is-layout-7f4d2eab wp-block-group-is-layout-constrained\" style=\"border-color:#0098d938;border-width:1px;border-radius:40px;padding-top:0;padding-right:0;padding-bottom:0;padding-left:0\">\n<figure class=\"wp-block-image aligncenter size-full is-resized\"><a href=\"https:\/\/avtomag.si\/index.php\/forthing\/forthing-t5-evo-sportni-znacaj-suv-ja\/\"><img loading=\"lazy\" decoding=\"async\" width=\"612\" height=\"408\" src=\"https:\/\/avtomag.kreativnisplet.si\/wp-content\/uploads\/2025\/10\/forthing_1-9-scaled-removebg-preview.png\" alt=\"\" class=\"wp-image-1324\" style=\"width:auto;height:200px\" srcset=\"https:\/\/avtomag.si\/wp-content\/uploads\/2025\/10\/forthing_1-9-scaled-removebg-preview.png 612w, https:\/\/avtomag.si\/wp-content\/uploads\/2025\/10\/forthing_1-9-scaled-removebg-preview-300x200.png 300w\" sizes=\"auto, (max-width: 612px) 100vw, 612px\" \/><\/a><\/figure>\n\n\n\n<p class=\"has-text-align-center has-mono-2-color has-text-color has-superbfont-medium-font-size\" style=\"padding-top:0;padding-bottom:var(--wp--preset--spacing--superbspacing-xsmall)\"><a href=\"https:\/\/avtomag.si\/index.php\/forthing\/forthing-t5-evo-sportni-znacaj-suv-ja\/\" data-type=\"page\" data-id=\"618\">Model T5 EVO<\/a><\/p>\n<\/div>\n<\/div>\n\n\n\n<div class=\"wp-block-column is-vertically-aligned-center is-layout-flow wp-container-core-column-is-layout-e38e6d2d wp-block-column-is-layout-flow\">\n<div class=\"wp-block-group custom-card-style has-border-color has-base-background-color has-background has-global-padding is-layout-constrained wp-container-core-group-is-layout-7f4d2eab wp-block-group-is-layout-constrained\" style=\"border-color:#0098d938;border-width:1px;border-radius:40px;padding-top:0;padding-right:0;padding-bottom:0;padding-left:0\">\n<figure class=\"wp-block-image aligncenter size-full is-resized\"><a href=\"https:\/\/avtomag.si\/index.php\/forthing-u-tour-prostornost-in-udobje-za-vse-poti\/\"><img loading=\"lazy\" decoding=\"async\" width=\"612\" height=\"408\" src=\"https:\/\/avtomag.kreativnisplet.si\/wp-content\/uploads\/2025\/10\/u_tour-removebg-preview.png\" alt=\"\" class=\"wp-image-1342\" style=\"width:auto;height:200px\" srcset=\"https:\/\/avtomag.si\/wp-content\/uploads\/2025\/10\/u_tour-removebg-preview.png 612w, https:\/\/avtomag.si\/wp-content\/uploads\/2025\/10\/u_tour-removebg-preview-300x200.png 300w\" sizes=\"auto, (max-width: 612px) 100vw, 612px\" \/><\/a><\/figure>\n\n\n\n<p class=\"has-text-align-center has-contrast-dark-color has-text-color has-superbfont-medium-font-size\" style=\"padding-top:0;padding-bottom:var(--wp--preset--spacing--superbspacing-xsmall)\"><a href=\"https:\/\/avtomag.si\/index.php\/forthing-u-tour-prostornost-in-udobje-za-vse-poti\/\" data-type=\"page\" data-id=\"618\">Model U Tour<\/a><\/p>\n<\/div>\n<\/div>\n\n\n\n<div class=\"wp-block-column is-vertically-aligned-center is-layout-flow wp-container-core-column-is-layout-e38e6d2d wp-block-column-is-layout-flow\">\n<div class=\"wp-block-group custom-card-style has-border-color has-base-background-color has-background has-global-padding is-layout-constrained wp-container-core-group-is-layout-7f4d2eab wp-block-group-is-layout-constrained\" style=\"border-color:#0098d938;border-width:1px;border-radius:40px;padding-top:0;padding-right:0;padding-bottom:0;padding-left:0\">\n<figure class=\"wp-block-image aligncenter size-full is-resized\"><a href=\"https:\/\/avtomag.si\/index.php\/forthing-s7-nova-generacija-elektricne-mobilnosti\/\"><img loading=\"lazy\" decoding=\"async\" width=\"707\" height=\"353\" src=\"https:\/\/avtomag.kreativnisplet.si\/wp-content\/uploads\/2025\/10\/Forthing_s7-removebg-preview.png\" alt=\"\" class=\"wp-image-1340\" style=\"width:auto;height:200px\" srcset=\"https:\/\/avtomag.si\/wp-content\/uploads\/2025\/10\/Forthing_s7-removebg-preview.png 707w, https:\/\/avtomag.si\/wp-content\/uploads\/2025\/10\/Forthing_s7-removebg-preview-300x150.png 300w\" sizes=\"auto, (max-width: 707px) 100vw, 707px\" \/><\/a><\/figure>\n\n\n\n<p class=\"has-text-align-center has-contrast-dark-color has-text-color has-superbfont-medium-font-size\" style=\"padding-top:0;padding-bottom:var(--wp--preset--spacing--superbspacing-xsmall)\"><a href=\"https:\/\/avtomag.si\/index.php\/forthing-s7-nova-generacija-elektricne-mobilnosti\/\" data-type=\"page\" data-id=\"618\">Model <\/a><a href=\"https:\/\/avtomag.kreativnisplet.si\/index.php\/forthing-s7-nova-generacija-elektricne-mobilnosti\/\" data-type=\"page\" data-id=\"618\">S7<\/a><\/p>\n<\/div>\n<\/div>\n<\/div>\n<\/div>\n<\/div>\n\n\n\n<div class=\"wp-block-cover alignwide margin-y-none\" style=\"border-radius:0px;margin-top:var(--wp--preset--spacing--superbspacing-small);margin-bottom:0;padding-top:0;padding-bottom:0;min-height:556px;aspect-ratio:unset;\"><img loading=\"lazy\" decoding=\"async\" width=\"1333\" height=\"1000\" class=\"wp-block-cover__image-background wp-image-1391 size-full\" alt=\"\" src=\"https:\/\/avtomag.kreativnisplet.si\/wp-content\/uploads\/2025\/08\/DJI_0176-1.jpg\" data-object-fit=\"cover\" srcset=\"https:\/\/avtomag.si\/wp-content\/uploads\/2025\/08\/DJI_0176-1.jpg 1333w, https:\/\/avtomag.si\/wp-content\/uploads\/2025\/08\/DJI_0176-1-300x225.jpg 300w, https:\/\/avtomag.si\/wp-content\/uploads\/2025\/08\/DJI_0176-1-1024x768.jpg 1024w, https:\/\/avtomag.si\/wp-content\/uploads\/2025\/08\/DJI_0176-1-768x576.jpg 768w\" sizes=\"auto, (max-width: 1333px) 100vw, 1333px\" \/><span aria-hidden=\"true\" class=\"wp-block-cover__background has-black-background-color has-background-dim-40 has-background-dim\"><\/span><div class=\"wp-block-cover__inner-container is-layout-flow wp-block-cover-is-layout-flow\">\n<div class=\"wp-block-group alignwide has-superbfont-xxlarge-font-size is-vertical is-content-justification-center is-layout-flex wp-container-core-group-is-layout-801a1011 wp-block-group-is-layout-flex\" style=\"border-radius:20px;padding-top:var(--wp--preset--spacing--superbspacing-xxlarge);padding-right:var(--wp--preset--spacing--superbspacing-xxlarge);padding-bottom:var(--wp--preset--spacing--superbspacing-xxlarge);padding-left:var(--wp--preset--spacing--superbspacing-xxlarge)\">\n<div class=\"wp-block-group is-layout-flow wp-container-core-group-is-layout-3fbca637 wp-block-group-is-layout-flow\">\n<h1 class=\"wp-block-heading has-text-align-center has-contrast-light-color has-text-color has-superbfont-xxlarge-font-size\">Kako do nas?<\/h1>\n\n\n\n<p class=\"has-text-align-center has-contrast-light-color has-text-color has-superbfont-medium-font-size superb-addons-hide-on-mobile\">Na\u0161a poslovalnica je enostavno dostopna in vedno odprta za obisk. Kliknite spodaj in vas Google Maps sam pripelje do nas.<\/p>\n<\/div>\n\n\n\n<div class=\"wp-block-buttons wp-container-content-9cfa9a5a is-content-justification-center is-layout-flex wp-container-core-buttons-is-layout-9b2276be wp-block-buttons-is-layout-flex\">\n<div class=\"wp-block-button is-style-fill\"><a class=\"wp-block-button__link has-contrast-light-color has-text-color has-link-color has-superbfont-small-font-size has-custom-font-size wp-element-button\" href=\"https:\/\/www.google.com\/maps\/search\/google+avtomag\/@45.942457,13.6410093,17z\/data=!3m1!4b1\" style=\"border-style:none;border-width:0px\" target=\"_blank\" rel=\"noreferrer noopener\">OGLED ZEMLJEVIDA<\/a><\/div>\n<\/div>\n<\/div>\n<\/div><\/div>\n","protected":false},"excerpt":{"rendered":"<p>Zakaj Forthing? Forthing predstavlja sodobno kombinacijo napredne tehnologije, privla\u010dnega oblikovanja in zanesljivosti. Kot del skupine Dongfeng ponuja vozila, ki zdru\u017eujejo eleganco, udobje in zmogljivost ter so ustvarjena za voznike, ki i\u0161\u010dejo nekaj ve\u010d. Vrhunski dizajn med SUV vozili Njegove elegantne in dinami\u010dne linije dopolnjuje bogata izbira unikatnih barvnih kombinacij, ki vozniku pri\u010darajo ob\u010dutek razko\u0161ja. Za [&hellip;]<\/p>\n","protected":false},"author":1,"featured_media":0,"parent":0,"menu_order":0,"comment_status":"closed","ping_status":"closed","template":"superbaddons-page-template","meta":{"_eb_attr":"","footnotes":""},"class_list":["post-596","page","type-page","status-publish","hentry"],"_links":{"self":[{"href":"https:\/\/avtomag.si\/index.php\/wp-json\/wp\/v2\/pages\/596","targetHints":{"allow":["GET"]}}],"collection":[{"href":"https:\/\/avtomag.si\/index.php\/wp-json\/wp\/v2\/pages"}],"about":[{"href":"https:\/\/avtomag.si\/index.php\/wp-json\/wp\/v2\/types\/page"}],"author":[{"embeddable":true,"href":"https:\/\/avtomag.si\/index.php\/wp-json\/wp\/v2\/users\/1"}],"replies":[{"embeddable":true,"href":"https:\/\/avtomag.si\/index.php\/wp-json\/wp\/v2\/comments?post=596"}],"version-history":[{"count":0,"href":"https:\/\/avtomag.si\/index.php\/wp-json\/wp\/v2\/pages\/596\/revisions"}],"wp:attachment":[{"href":"https:\/\/avtomag.si\/index.php\/wp-json\/wp\/v2\/media?parent=596"}],"curies":[{"name":"wp","href":"https:\/\/api.w.org\/{rel}","templated":true}]}}