{"id":699,"date":"2025-09-10T15:05:04","date_gmt":"2025-09-10T15:05:04","guid":{"rendered":"https:\/\/avtomag.kreativnisplet.si\/?page_id=699"},"modified":"2026-01-07T11:51:14","modified_gmt":"2026-01-07T11:51:14","slug":"dongfeng-inzenirska-brezhibnost","status":"publish","type":"page","link":"https:\/\/avtomag.si\/index.php\/dongfeng-inzenirska-brezhibnost\/","title":{"rendered":"Dongfeng &#8211; In\u017eenirska brezhibnost"},"content":{"rendered":"\n<div class=\"wp-block-cover aligncenter\" style=\"margin-top:0;margin-bottom:0;padding-top:var(--wp--preset--spacing--superbspacing-xxlarge);padding-right:var(--wp--preset--spacing--superbspacing-xsmall);padding-bottom:var(--wp--preset--spacing--superbspacing-xxlarge);padding-left:var(--wp--preset--spacing--superbspacing-xsmall);min-height:600px;aspect-ratio:unset;\"><img loading=\"lazy\" decoding=\"async\" width=\"2560\" height=\"1707\" class=\"wp-block-cover__image-background wp-image-874 size-full\" alt=\"\" src=\"https:\/\/avtomag.kreativnisplet.si\/wp-content\/uploads\/2025\/09\/dongfeng-8-scaled.jpg\" style=\"object-position:50% 87%\" data-object-fit=\"cover\" data-object-position=\"50% 87%\" srcset=\"https:\/\/avtomag.si\/wp-content\/uploads\/2025\/09\/dongfeng-8-scaled.jpg 2560w, https:\/\/avtomag.si\/wp-content\/uploads\/2025\/09\/dongfeng-8-300x200.jpg 300w, https:\/\/avtomag.si\/wp-content\/uploads\/2025\/09\/dongfeng-8-1024x683.jpg 1024w, https:\/\/avtomag.si\/wp-content\/uploads\/2025\/09\/dongfeng-8-768x512.jpg 768w, https:\/\/avtomag.si\/wp-content\/uploads\/2025\/09\/dongfeng-8-1536x1024.jpg 1536w, https:\/\/avtomag.si\/wp-content\/uploads\/2025\/09\/dongfeng-8-2048x1365.jpg 2048w\" sizes=\"auto, (max-width: 2560px) 100vw, 2560px\" \/><span aria-hidden=\"true\" class=\"wp-block-cover__background has-black-background-color has-background-dim-30 has-background-dim\"><\/span><div class=\"wp-block-cover__inner-container has-global-padding is-layout-constrained wp-container-core-cover-is-layout-61486274 wp-block-cover-is-layout-constrained\">\n<div class=\"wp-block-group alignwide has-global-padding is-layout-constrained wp-container-core-group-is-layout-0946a188 wp-block-group-is-layout-constrained\" style=\"margin-top:0;margin-bottom:0;padding-top:0;padding-right:var(--wp--preset--spacing--superbspacing-medium);padding-bottom:0;padding-left:var(--wp--preset--spacing--superbspacing-medium)\">\n<h1 class=\"wp-block-heading alignwide has-text-align-center has-white-color has-text-color has-superbfont-xxlarge-font-size\" style=\"padding-right:var(--wp--preset--spacing--superbspacing-small);padding-bottom:0;padding-left:var(--wp--preset--spacing--superbspacing-small);font-style:normal;font-weight:700\">Dongfeng <\/h1>\n\n\n\n<div class=\"wp-block-buttons wp-container-content-9cfa9a5a is-content-justification-center is-layout-flex wp-container-core-buttons-is-layout-9b2276be wp-block-buttons-is-layout-flex\">\n<div class=\"wp-block-button\"><a class=\"wp-block-button__link wp-element-button\" href=\"https:\/\/avtomag.si\/index.php\/prodaja-novih-vozil\/najem-vozila#testna-voznja-form\">TESTNA VO\u017dNJA<\/a><\/div>\n<\/div>\n<\/div>\n<\/div><\/div>\n\n\n\n<p><\/p>\n\n\n\n<div class=\"wp-block-group alignfull is-layout-flow wp-block-group-is-layout-flow\">\n<div class=\"wp-block-group alignfull column-parent-border-radius has-global-padding is-layout-constrained wp-container-core-group-is-layout-2551a0b3 wp-block-group-is-layout-constrained\" style=\"margin-top:0;margin-bottom:0;padding-top:var(--wp--preset--spacing--superbspacing-large);padding-right:var(--wp--preset--spacing--superbspacing-small);padding-bottom:var(--wp--preset--spacing--superbspacing-large);padding-left:var(--wp--preset--spacing--superbspacing-small)\">\n<div class=\"wp-block-group alignwide has-global-padding is-layout-constrained wp-container-core-group-is-layout-58b2f4d9 wp-block-group-is-layout-constrained\">\n<h2 class=\"wp-block-heading has-text-align-center has-contrast-color has-text-color has-superbfont-xlarge-font-size\">Zakaj Dongfeng?<\/h2>\n\n\n\n<p class=\"has-text-align-center has-mono-2-color has-text-color has-superbfont-small-font-size\" style=\"padding-right:var(--wp--preset--spacing--superbspacing-medium);padding-left:var(--wp--preset--spacing--superbspacing-medium)\">Dongfeng zdru\u017euje ve\u010d kot 50 let izku\u0161enj, vrhunsko in\u017eenirstvo ter sodoben dizajn. Kot ena najve\u010djih avtomobilskih skupin na svetu ponuja zanesljiva, tehnolo\u0161ko napredna in trajnostna vozila, ki zagotavljajo varnost, udobje in u\u017eitek v vo\u017enji.<\/p>\n<\/div>\n\n\n\n<div class=\"wp-block-columns is-layout-flex wp-container-core-columns-is-layout-28f84493 wp-block-columns-is-layout-flex\">\n<div class=\"wp-block-column has-primary-background-color has-background is-layout-flow wp-block-column-is-layout-flow\" style=\"padding-top:var(--wp--preset--spacing--superbspacing-small);padding-right:var(--wp--preset--spacing--superbspacing-small);padding-bottom:var(--wp--preset--spacing--superbspacing-small);padding-left:var(--wp--preset--spacing--superbspacing-small)\">\n<h3 class=\"wp-block-heading has-contrast-light-color has-text-color has-link-color has-superbfont-medium-font-size wp-elements-fdd761cf18dfee1df195a65a3d527e0d\" style=\"margin-top:0;margin-bottom:0\"><strong>Vrhunski dizajn in oprema<\/strong><\/h3>\n\n\n\n<p class=\"has-mono-4-color has-text-color has-superbfont-small-font-size\" style=\"margin-top:var(--wp--preset--spacing--superbspacing-xxsmall);margin-bottom:0\">Njegove elegantne in hkrati dinami\u010dne linije dopolnjuje bogata izbira unikatnih barvnih kombinacij, ki vozniku pri\u010darajo ob\u010dutek razko\u0161ja. Za prepoznaven oblikovni podpis je zaslu\u017een nem\u0161ki dizajner Hans Henning Knopfle, ki je sodeloval tudi pri zasnovi vozil Mercedes-Benz, Volvo, GM in \u0161tevilnih drugih znamk.<\/p>\n<\/div>\n\n\n\n<div class=\"wp-block-column has-primary-background-color has-background is-layout-flow wp-block-column-is-layout-flow\" style=\"padding-top:var(--wp--preset--spacing--superbspacing-small);padding-right:var(--wp--preset--spacing--superbspacing-small);padding-bottom:var(--wp--preset--spacing--superbspacing-small);padding-left:var(--wp--preset--spacing--superbspacing-small)\">\n<h3 class=\"wp-block-heading has-contrast-light-color has-text-color has-link-color has-superbfont-medium-font-size wp-elements-68df0f6194e24af558e27e968e769e73\" style=\"margin-top:0;margin-bottom:0\"><strong>U\u010dinkovitost z visoko zmogljivostjo<\/strong><\/h3>\n\n\n\n<p class=\"has-mono-4-color has-text-color has-superbfont-small-font-size\" style=\"margin-top:var(--wp--preset--spacing--superbspacing-xxsmall);margin-bottom:0\">Napredna pametna tehnologija omogo\u010da, da so Forthingova vozila hkrati mo\u010dna in ekonomi\u010dna. Pona\u0161ajo se z izvrstnimi pospe\u0161ki, a kljub temu zadr\u017eujejo nizko porabo goriva, kar zagotavlja vrhunsko ravnovesje med dinami\u010dno vo\u017enjo in energetsko u\u010dinkovitostjo.<\/p>\n<\/div>\n\n\n\n<div class=\"wp-block-column has-primary-background-color has-background is-layout-flow wp-block-column-is-layout-flow\" style=\"padding-top:var(--wp--preset--spacing--superbspacing-small);padding-right:var(--wp--preset--spacing--superbspacing-small);padding-bottom:var(--wp--preset--spacing--superbspacing-small);padding-left:var(--wp--preset--spacing--superbspacing-small)\">\n<h3 class=\"wp-block-heading has-contrast-light-color has-text-color has-link-color has-superbfont-medium-font-size wp-elements-203fd4c941c91e244d6d21929e717386\" style=\"margin-top:0;margin-bottom:0\"><strong>Strokovna podpora in zaupanje kupcev<\/strong><\/h3>\n\n\n\n<p class=\"has-mono-4-color has-text-color has-superbfont-small-font-size\" style=\"margin-top:var(--wp--preset--spacing--superbspacing-xxsmall);margin-bottom:0\">\u017de ve\u010d kot desetletje smo prisotni na slovenskem trgu elektri\u010dnih vozil, kjer si stranke zanesljivo zagotavljajo na\u0161a vozila in storitve. Kupcem ponujamo ugodne mo\u017enosti financiranja in menjavo starega vozila za novo. Vsa vozila pa so v rokah izku\u0161enih in specializiranih mehanikov, ki poskrbijo za brezhibno delovanje.<\/p>\n<\/div>\n<\/div>\n<\/div>\n<\/div>\n\n\n\n<div class=\"wp-block-group alignfull is-layout-flow wp-block-group-is-layout-flow\">\n<div class=\"wp-block-cover alignwide margin-y-none\" style=\"border-radius:0px;margin-top:0;margin-bottom:0;min-height:644px;aspect-ratio:unset;\"><img loading=\"lazy\" decoding=\"async\" width=\"1024\" height=\"683\" class=\"wp-block-cover__image-background wp-image-870 size-large\" alt=\"\" src=\"https:\/\/avtomag.kreativnisplet.si\/wp-content\/uploads\/2025\/09\/dongfeng-4-1024x683.jpg\" data-object-fit=\"cover\" srcset=\"https:\/\/avtomag.si\/wp-content\/uploads\/2025\/09\/dongfeng-4-1024x683.jpg 1024w, https:\/\/avtomag.si\/wp-content\/uploads\/2025\/09\/dongfeng-4-300x200.jpg 300w, https:\/\/avtomag.si\/wp-content\/uploads\/2025\/09\/dongfeng-4-768x512.jpg 768w, https:\/\/avtomag.si\/wp-content\/uploads\/2025\/09\/dongfeng-4-1536x1024.jpg 1536w, https:\/\/avtomag.si\/wp-content\/uploads\/2025\/09\/dongfeng-4-2048x1365.jpg 2048w\" sizes=\"auto, (max-width: 1024px) 100vw, 1024px\" \/><span aria-hidden=\"true\" class=\"wp-block-cover__background has-black-background-color has-background-dim\"><\/span><div class=\"wp-block-cover__inner-container is-layout-flow wp-block-cover-is-layout-flow\">\n<div class=\"wp-block-group alignwide has-superbfont-xxlarge-font-size is-vertical is-content-justification-center is-layout-flex wp-container-core-group-is-layout-801a1011 wp-block-group-is-layout-flex\" style=\"border-radius:20px;padding-top:var(--wp--preset--spacing--superbspacing-xxlarge);padding-right:var(--wp--preset--spacing--superbspacing-xxlarge);padding-bottom:var(--wp--preset--spacing--superbspacing-xxlarge);padding-left:var(--wp--preset--spacing--superbspacing-xxlarge)\">\n<div class=\"wp-block-group is-layout-flow wp-container-core-group-is-layout-3fbca637 wp-block-group-is-layout-flow\">\n<h1 class=\"wp-block-heading has-text-align-center has-contrast-light-color has-text-color has-superbfont-xlarge-font-size\">In\u017eenirska tradicija od leta 1969<\/h1>\n\n\n\n<div class=\"wp-block-buttons wp-container-content-9cfa9a5a is-content-justification-center is-layout-flex wp-container-core-buttons-is-layout-9b2276be wp-block-buttons-is-layout-flex\">\n<div class=\"wp-block-button\"><a class=\"wp-block-button__link wp-element-button\" href=\"https:\/\/avtomag.si\/index.php\/prodaja-novih-vozil\/najem-vozila#testna-voznja-form\">TESTNA VO\u017dNJA<\/a><\/div>\n<\/div>\n<\/div>\n<\/div>\n<\/div><\/div>\n<\/div>\n\n\n\n<div class=\"wp-block-group alignfull has-contrast-light-background-color has-background has-global-padding is-layout-constrained wp-container-core-group-is-layout-bbf01664 wp-block-group-is-layout-constrained\" style=\"margin-top:0;margin-bottom:0;padding-top:var(--wp--preset--spacing--superbspacing-large);padding-right:var(--wp--preset--spacing--superbspacing-small);padding-bottom:150px;padding-left:var(--wp--preset--spacing--superbspacing-small)\">\n<div class=\"wp-block-group alignwide has-global-padding is-layout-constrained wp-container-core-group-is-layout-9a18d97d wp-block-group-is-layout-constrained\" style=\"margin-top:0;margin-bottom:0;padding-top:0;padding-right:0;padding-bottom:0;padding-left:0\">\n<h2 class=\"wp-block-heading has-text-align-center has-contrast-color has-text-color has-superbfont-xlarge-font-size\">Izberite svojega<\/h2>\n\n\n\n<p class=\"has-text-align-center has-mono-2-color has-text-color has-superbfont-small-font-size\">Na voljo so vozila, ki zdru\u017eujejo sodoben dizajn, napredno tehnologijo in zanesljivo zmogljivost za vsakodnevne poti ali dalj\u0161a potovanja.<br><br><\/p>\n<\/div>\n\n\n\n<div class=\"wp-block-columns alignwide is-layout-flex wp-container-core-columns-is-layout-596307b8 wp-block-columns-is-layout-flex\">\n<div class=\"wp-block-column is-vertically-aligned-center is-layout-flow wp-container-core-column-is-layout-e38e6d2d wp-block-column-is-layout-flow\">\n<div class=\"wp-block-group custom-card-style has-border-color has-mono-3-border-color has-base-background-color has-background has-global-padding is-layout-constrained wp-container-core-group-is-layout-7f4d2eab wp-block-group-is-layout-constrained\" style=\"border-width:1px;border-radius:20px;padding-top:0;padding-right:0;padding-bottom:0;padding-left:0\">\n<figure class=\"wp-block-image aligncenter size-full\"><a href=\"https:\/\/avtomag.si\/index.php\/dongfeng-inzenirska-brezhibnost\/dongfeng-maig\/\"><img loading=\"lazy\" decoding=\"async\" width=\"409\" height=\"270\" src=\"https:\/\/avtomag.kreativnisplet.si\/wp-content\/uploads\/2025\/10\/dongfeng-mage-3-scaled-removebg-preview-1-e1759478696397.png\" alt=\"\" class=\"wp-image-1379\" srcset=\"https:\/\/avtomag.si\/wp-content\/uploads\/2025\/10\/dongfeng-mage-3-scaled-removebg-preview-1-e1759478696397.png 409w, https:\/\/avtomag.si\/wp-content\/uploads\/2025\/10\/dongfeng-mage-3-scaled-removebg-preview-1-e1759478696397-300x198.png 300w\" sizes=\"auto, (max-width: 409px) 100vw, 409px\" \/><\/a><\/figure>\n\n\n\n<p class=\"has-text-align-center has-contrast-dark-color has-text-color has-superbfont-medium-font-size\" style=\"padding-top:0;padding-bottom:var(--wp--preset--spacing--superbspacing-xsmall)\"><a href=\"https:\/\/avtomag.kreativnisplet.si\/index.php\/dongfeng-inzenirska-brezhibnost\/dongfeng-maig\/\" data-type=\"page\" data-id=\"817\">Model Mage<\/a><\/p>\n<\/div>\n<\/div>\n\n\n\n<div class=\"wp-block-column is-vertically-aligned-center is-layout-flow wp-container-core-column-is-layout-e38e6d2d wp-block-column-is-layout-flow\">\n<div class=\"wp-block-group custom-card-style has-border-color has-mono-3-border-color has-base-background-color has-background has-global-padding is-layout-constrained wp-container-core-group-is-layout-7f4d2eab wp-block-group-is-layout-constrained\" style=\"border-width:1px;border-radius:20px;padding-top:0;padding-right:0;padding-bottom:0;padding-left:0\">\n<figure class=\"wp-block-image aligncenter size-full\"><a href=\"https:\/\/avtomag.si\/index.php\/dongfeng-inzenirska-brezhibnost\/dongfeng-box\/\"><img loading=\"lazy\" decoding=\"async\" width=\"612\" height=\"408\" src=\"https:\/\/avtomag.kreativnisplet.si\/wp-content\/uploads\/2025\/10\/dongfeng-3-removebg-preview.png\" alt=\"\" class=\"wp-image-1321\" srcset=\"https:\/\/avtomag.si\/wp-content\/uploads\/2025\/10\/dongfeng-3-removebg-preview.png 612w, https:\/\/avtomag.si\/wp-content\/uploads\/2025\/10\/dongfeng-3-removebg-preview-300x200.png 300w\" sizes=\"auto, (max-width: 612px) 100vw, 612px\" \/><\/a><\/figure>\n\n\n\n<p class=\"has-text-align-center has-contrast-dark-color has-text-color has-superbfont-medium-font-size\" style=\"padding-top:0;padding-bottom:var(--wp--preset--spacing--superbspacing-xsmall)\"><a href=\"https:\/\/avtomag.si\/index.php\/dongfeng-inzenirska-brezhibnost\/dongfeng-box\/\">Model Box<\/a><\/p>\n<\/div>\n<\/div>\n\n\n\n<div class=\"wp-block-column is-vertically-aligned-center is-layout-flow wp-container-core-column-is-layout-e38e6d2d wp-block-column-is-layout-flow\">\n<div class=\"wp-block-group custom-card-style has-border-color has-mono-3-border-color has-base-background-color has-background has-global-padding is-layout-constrained wp-container-core-group-is-layout-7f4d2eab wp-block-group-is-layout-constrained\" style=\"border-width:1px;border-radius:20px;padding-top:0;padding-right:0;padding-bottom:0;padding-left:0\">\n<figure class=\"wp-block-image aligncenter size-full\"><a href=\"https:\/\/avtomag.si\/index.php\/dongfeng-inzenirska-brezhibnost\/dongfeng-mhero\/\"><img loading=\"lazy\" decoding=\"async\" width=\"890\" height=\"485\" src=\"https:\/\/avtomag.kreativnisplet.si\/wp-content\/uploads\/2025\/10\/mhero-car.webp\" alt=\"\" class=\"wp-image-1378\" srcset=\"https:\/\/avtomag.si\/wp-content\/uploads\/2025\/10\/mhero-car.webp 890w, https:\/\/avtomag.si\/wp-content\/uploads\/2025\/10\/mhero-car-300x163.webp 300w, https:\/\/avtomag.si\/wp-content\/uploads\/2025\/10\/mhero-car-768x419.webp 768w\" sizes=\"auto, (max-width: 890px) 100vw, 890px\" \/><\/a><\/figure>\n\n\n\n<p class=\"has-text-align-center has-contrast-dark-color has-text-color has-superbfont-medium-font-size\" style=\"padding-top:0;padding-bottom:var(--wp--preset--spacing--superbspacing-xsmall)\"><a href=\"https:\/\/avtomag.si\/index.php\/dongfeng-inzenirska-brezhibnost\/dongfeng-mhero\/\" data-type=\"page\" data-id=\"618\">Model Mhero<\/a><\/p>\n<\/div>\n<\/div>\n\n\n\n<div class=\"wp-block-column is-vertically-aligned-center is-layout-flow wp-container-core-column-is-layout-e38e6d2d wp-block-column-is-layout-flow\">\n<div class=\"wp-block-group custom-card-style has-border-color has-mono-3-border-color has-base-background-color has-background has-global-padding is-layout-constrained wp-container-core-group-is-layout-7f4d2eab wp-block-group-is-layout-constrained\" style=\"border-width:1px;border-radius:20px;padding-top:0;padding-right:0;padding-bottom:0;padding-left:0\">\n<figure class=\"wp-block-image aligncenter size-full\"><a href=\"https:\/\/avtomag.si\/index.php\/dongfeng-inzenirska-brezhibnost\/dongfeng-huge\/\"><img loading=\"lazy\" decoding=\"async\" width=\"544\" height=\"305\" src=\"https:\/\/avtomag.kreativnisplet.si\/wp-content\/uploads\/2025\/10\/dong_huge-removebg-preview-e1759478790612.png\" alt=\"\" class=\"wp-image-1380\" srcset=\"https:\/\/avtomag.si\/wp-content\/uploads\/2025\/10\/dong_huge-removebg-preview-e1759478790612.png 544w, https:\/\/avtomag.si\/wp-content\/uploads\/2025\/10\/dong_huge-removebg-preview-e1759478790612-300x168.png 300w\" sizes=\"auto, (max-width: 544px) 100vw, 544px\" \/><\/a><\/figure>\n\n\n\n<p class=\"has-text-align-center has-contrast-dark-color has-text-color has-superbfont-medium-font-size\" style=\"padding-top:0;padding-bottom:var(--wp--preset--spacing--superbspacing-xsmall)\"><a href=\"https:\/\/avtomag.si\/index.php\/dongfeng-inzenirska-brezhibnost\/dongfeng-huge\/\" data-type=\"link\" data-id=\"https:\/\/avtomag.kreativnisplet.si\/index.php\/dongfeng-inzenirska-brezhibnost\/dongfeng-huge\/\">Model Huge<\/a><\/p>\n<\/div>\n<\/div>\n\n\n\n<div class=\"wp-block-column is-vertically-aligned-center is-layout-flow wp-container-core-column-is-layout-e38e6d2d wp-block-column-is-layout-flow\">\n<div class=\"wp-block-group custom-card-style has-border-color has-mono-3-border-color has-base-background-color has-background has-global-padding is-layout-constrained wp-container-core-group-is-layout-7f4d2eab wp-block-group-is-layout-constrained\" style=\"border-width:1px;border-radius:20px;padding-top:0;padding-right:0;padding-bottom:0;padding-left:0\">\n<figure class=\"wp-block-image aligncenter size-full\"><a href=\"https:\/\/avtomag.si\/index.php\/dongfeng-inzenirska-brezhibnost\/dongfeng-shine\/\"><img loading=\"lazy\" decoding=\"async\" width=\"463\" height=\"284\" src=\"https:\/\/avtomag.kreativnisplet.si\/wp-content\/uploads\/2025\/10\/dongfeng-shine-1-removebg-preview-1-e1759478848618.png\" alt=\"\" class=\"wp-image-1376\" srcset=\"https:\/\/avtomag.si\/wp-content\/uploads\/2025\/10\/dongfeng-shine-1-removebg-preview-1-e1759478848618.png 463w, https:\/\/avtomag.si\/wp-content\/uploads\/2025\/10\/dongfeng-shine-1-removebg-preview-1-e1759478848618-300x184.png 300w\" sizes=\"auto, (max-width: 463px) 100vw, 463px\" \/><\/a><\/figure>\n\n\n\n<p class=\"has-text-align-center has-contrast-dark-color has-text-color has-superbfont-medium-font-size\" style=\"padding-top:0;padding-bottom:var(--wp--preset--spacing--superbspacing-xsmall)\"><a href=\"https:\/\/avtomag.si\/index.php\/dongfeng-inzenirska-brezhibnost\/dongfeng-shine\/\" data-type=\"page\" data-id=\"809\">Model Shine<\/a><\/p>\n<\/div>\n<\/div>\n<\/div>\n<\/div>\n\n\n\n<div class=\"wp-block-cover alignwide margin-y-none\" style=\"border-radius:0px;margin-top:0;margin-bottom:0;min-height:555px;aspect-ratio:unset;\"><img loading=\"lazy\" decoding=\"async\" width=\"1024\" height=\"768\" class=\"wp-block-cover__image-background wp-image-1391 size-large\" alt=\"\" src=\"https:\/\/avtomag.kreativnisplet.si\/wp-content\/uploads\/2025\/08\/DJI_0176-1-1024x768.jpg\" data-object-fit=\"cover\" srcset=\"https:\/\/avtomag.si\/wp-content\/uploads\/2025\/08\/DJI_0176-1-1024x768.jpg 1024w, https:\/\/avtomag.si\/wp-content\/uploads\/2025\/08\/DJI_0176-1-300x225.jpg 300w, https:\/\/avtomag.si\/wp-content\/uploads\/2025\/08\/DJI_0176-1-768x576.jpg 768w, https:\/\/avtomag.si\/wp-content\/uploads\/2025\/08\/DJI_0176-1.jpg 1333w\" sizes=\"auto, (max-width: 1024px) 100vw, 1024px\" \/><span aria-hidden=\"true\" class=\"wp-block-cover__background has-black-background-color has-background-dim-40 has-background-dim\"><\/span><div class=\"wp-block-cover__inner-container is-layout-flow wp-block-cover-is-layout-flow\">\n<div class=\"wp-block-group alignwide has-superbfont-xxlarge-font-size is-vertical is-content-justification-center is-layout-flex wp-container-core-group-is-layout-801a1011 wp-block-group-is-layout-flex\" style=\"border-radius:20px;padding-top:var(--wp--preset--spacing--superbspacing-xxlarge);padding-right:var(--wp--preset--spacing--superbspacing-xxlarge);padding-bottom:var(--wp--preset--spacing--superbspacing-xxlarge);padding-left:var(--wp--preset--spacing--superbspacing-xxlarge)\">\n<div class=\"wp-block-group is-layout-flow wp-container-core-group-is-layout-3fbca637 wp-block-group-is-layout-flow\">\n<h1 class=\"wp-block-heading has-text-align-center has-contrast-light-color has-text-color has-superbfont-xxlarge-font-size\">Kako do nas?<\/h1>\n\n\n\n<p class=\"has-text-align-center has-contrast-light-color has-text-color has-superbfont-medium-font-size superb-addons-hide-on-mobile\">Na\u0161a poslovalnica je enostavno dostopna in vedno odprta za obisk. Kliknite spodaj in vas Google Maps sam pripelje do nas.<\/p>\n<\/div>\n\n\n\n<div class=\"wp-block-buttons wp-container-content-9cfa9a5a is-content-justification-center is-layout-flex wp-container-core-buttons-is-layout-9b2276be wp-block-buttons-is-layout-flex\">\n<div class=\"wp-block-button is-style-fill\"><a class=\"wp-block-button__link has-contrast-light-color has-text-color has-link-color has-superbfont-small-font-size has-custom-font-size wp-element-button\" href=\"https:\/\/www.google.com\/maps\/search\/google+avtomag\/@45.942457,13.6410093,17z\/data=!3m1!4b1\" style=\"border-style:none;border-width:0px\" target=\"_blank\" rel=\"noreferrer noopener\">OGLED ZEMLJEVIDA<\/a><\/div>\n<\/div>\n<\/div>\n<\/div><\/div>\n","protected":false},"excerpt":{"rendered":"<p>Zakaj Dongfeng? Dongfeng zdru\u017euje ve\u010d kot 50 let izku\u0161enj, vrhunsko in\u017eenirstvo ter sodoben dizajn. Kot ena najve\u010djih avtomobilskih skupin na svetu ponuja zanesljiva, tehnolo\u0161ko napredna in trajnostna vozila, ki zagotavljajo varnost, udobje in u\u017eitek v vo\u017enji. Vrhunski dizajn in oprema Njegove elegantne in hkrati dinami\u010dne linije dopolnjuje bogata izbira unikatnih barvnih kombinacij, ki vozniku pri\u010darajo [&hellip;]<\/p>\n","protected":false},"author":1,"featured_media":0,"parent":0,"menu_order":0,"comment_status":"closed","ping_status":"closed","template":"superbaddons-page-template","meta":{"_eb_attr":"","footnotes":""},"class_list":["post-699","page","type-page","status-publish","hentry"],"_links":{"self":[{"href":"https:\/\/avtomag.si\/index.php\/wp-json\/wp\/v2\/pages\/699","targetHints":{"allow":["GET"]}}],"collection":[{"href":"https:\/\/avtomag.si\/index.php\/wp-json\/wp\/v2\/pages"}],"about":[{"href":"https:\/\/avtomag.si\/index.php\/wp-json\/wp\/v2\/types\/page"}],"author":[{"embeddable":true,"href":"https:\/\/avtomag.si\/index.php\/wp-json\/wp\/v2\/users\/1"}],"replies":[{"embeddable":true,"href":"https:\/\/avtomag.si\/index.php\/wp-json\/wp\/v2\/comments?post=699"}],"version-history":[{"count":1,"href":"https:\/\/avtomag.si\/index.php\/wp-json\/wp\/v2\/pages\/699\/revisions"}],"predecessor-version":[{"id":1655,"href":"https:\/\/avtomag.si\/index.php\/wp-json\/wp\/v2\/pages\/699\/revisions\/1655"}],"wp:attachment":[{"href":"https:\/\/avtomag.si\/index.php\/wp-json\/wp\/v2\/media?parent=699"}],"curies":[{"name":"wp","href":"https:\/\/api.w.org\/{rel}","templated":true}]}}